{"id":5807,"date":"2018-09-12T12:07:40","date_gmt":"2018-09-12T09:07:40","guid":{"rendered":"http:\/\/fo-der.org\/?page_id=5807"},"modified":"2018-11-26T09:59:11","modified_gmt":"2018-11-26T06:59:11","slug":"darussafaka-financial-literacy-club","status":"publish","type":"page","link":"https:\/\/www.fo-der.org\/en\/projects\/darussafaka-financial-literacy-club\/","title":{"rendered":"Dar\u00fc\u015f\u015fafaka Financial Literacy Club"},"content":{"rendered":"","protected":false},"excerpt":{"rendered":"","protected":false},"author":2,"featured_media":0,"parent":2558,"menu_order":43,"comment_status":"closed","ping_status":"closed","template":"","meta":[],"yoast_head":"<!-- This site is optimized with the Yoast SEO plugin v15.2.1 - https:\/\/yoast.com\/wordpress\/plugins\/seo\/ -->\n<title>Dar\u00fc\u015f\u015fafaka Financial Literacy Club - FODER<\/title>\n<meta name=\"robots\" content=\"index, follow, max-snippet:-1, max-image-preview:large, max-video-preview:-1\" \/>\n<link rel=\"canonical\" href=\"https:\/\/www.fo-der.org\/en\/projects\/darussafaka-financial-literacy-club\/\" \/>\n<meta property=\"og:locale\" content=\"en_US\" \/>\n<meta property=\"og:type\" content=\"article\" \/>\n<meta property=\"og:title\" content=\"Dar\u00fc\u015f\u015fafaka Financial Literacy Club - FODER\" \/>\n<meta property=\"og:url\" content=\"https:\/\/www.fo-der.org\/en\/projects\/darussafaka-financial-literacy-club\/\" \/>\n<meta property=\"og:site_name\" content=\"FODER\" \/>\n<meta property=\"article:modified_time\" content=\"2018-11-26T06:59:11+00:00\" \/>\n<meta name=\"twitter:card\" content=\"summary_large_image\" \/>\n<meta name=\"twitter:label1\" content=\"Written by\">\n\t<meta name=\"twitter:data1\" content=\"Fo-der\">\n<script type=\"application\/ld+json\" class=\"yoast-schema-graph\">{\"@context\":\"https:\/\/schema.org\",\"@graph\":[{\"@type\":\"WebSite\",\"@id\":\"https:\/\/www.fo-der.org\/en\/#website\",\"url\":\"https:\/\/www.fo-der.org\/en\/\",\"name\":\"FODER\",\"description\":\"Financial Literacy &amp; Inclusion Association\",\"potentialAction\":[{\"@type\":\"SearchAction\",\"target\":\"https:\/\/www.fo-der.org\/en\/?s={search_term_string}\",\"query-input\":\"required name=search_term_string\"}],\"inLanguage\":\"en-US\"},{\"@type\":\"WebPage\",\"@id\":\"https:\/\/www.fo-der.org\/en\/projects\/darussafaka-financial-literacy-club\/#webpage\",\"url\":\"https:\/\/www.fo-der.org\/en\/projects\/darussafaka-financial-literacy-club\/\",\"name\":\"Dar\\u00fc\\u015f\\u015fafaka Financial Literacy Club - FODER\",\"isPartOf\":{\"@id\":\"https:\/\/www.fo-der.org\/en\/#website\"},\"datePublished\":\"2018-09-12T09:07:40+00:00\",\"dateModified\":\"2018-11-26T06:59:11+00:00\",\"inLanguage\":\"en-US\",\"potentialAction\":[{\"@type\":\"ReadAction\",\"target\":[\"https:\/\/www.fo-der.org\/en\/projects\/darussafaka-financial-literacy-club\/\"]}]}]}<\/script>\n<!-- \/ Yoast SEO plugin. -->","_links":{"self":[{"href":"https:\/\/www.fo-der.org\/en\/wp-json\/wp\/v2\/pages\/5807"}],"collection":[{"href":"https:\/\/www.fo-der.org\/en\/wp-json\/wp\/v2\/pages"}],"about":[{"href":"https:\/\/www.fo-der.org\/en\/wp-json\/wp\/v2\/types\/page"}],"author":[{"embeddable":true,"href":"https:\/\/www.fo-der.org\/en\/wp-json\/wp\/v2\/users\/2"}],"replies":[{"embeddable":true,"href":"https:\/\/www.fo-der.org\/en\/wp-json\/wp\/v2\/comments?post=5807"}],"version-history":[{"count":3,"href":"https:\/\/www.fo-der.org\/en\/wp-json\/wp\/v2\/pages\/5807\/revisions"}],"predecessor-version":[{"id":7085,"href":"https:\/\/www.fo-der.org\/en\/wp-json\/wp\/v2\/pages\/5807\/revisions\/7085"}],"up":[{"embeddable":true,"href":"https:\/\/www.fo-der.org\/en\/wp-json\/wp\/v2\/pages\/2558"}],"wp:attachment":[{"href":"https:\/\/www.fo-der.org\/en\/wp-json\/wp\/v2\/media?parent=5807"}],"curies":[{"name":"wp","href":"https:\/\/api.w.org\/{rel}","templated":true}]}}