{"id":5456,"date":"2018-07-25T15:45:30","date_gmt":"2018-07-25T12:45:30","guid":{"rendered":"http:\/\/fo-der.org\/?page_id=5456"},"modified":"2025-08-21T15:05:34","modified_gmt":"2025-08-21T12:05:34","slug":"disciplinary-and-supervisory-board","status":"publish","type":"page","link":"https:\/\/www.fo-der.org\/en\/disciplinary-and-supervisory-board\/","title":{"rendered":"Supervisory Board"},"content":{"rendered":"<h3 style=\"padding-top: 40px;\">Supervisory Board<\/h3>\n\n\t\t\t<style type='text\/css'>\n\t\t\t\t#sc_gallery-1 {\n\t\t\t\t\tmargin: auto;\n\t\t\t\t}\n\t\t\t\t#sc_gallery-1 .gallery-item {\n\t\t\t\t\tfloat: left;\n\t\t\t\t\tmargin-top: 10px;\n\t\t\t\t\ttext-align: center;\n\t\t\t\t\twidth: 19.99%;\n\t\t\t\t}\n\t\t\t\t#sc_gallery-1 img {\n\t\t\t\t\tborder: 2px solid #cfcfcf;\n\t\t\t\t}\n\t\t\t\t#sc_gallery-1 .gallery-caption {\n\t\t\t\t\tmargin-left: 0;\n\t\t\t\t}\n\t\t\t\t\/* see sc_gallery() in functions\/theme-shortcodes.php *\/\n\t\t\t<\/style>\n\t\t<div id='sc_gallery-1' class='gallery galleryid-5456 gallery-columns-5 gallery-size-large none'><dl class='gallery-item'>\n\t\t\t\t<dt class='gallery-icon landscape'>\n\t\t\t\t\t<img width=\"500\" height=\"500\" src=\"https:\/\/www.fo-der.org\/en\/wp-content\/uploads\/2018\/09\/Sezai-Bekg\u00f6z.jpg\" class=\"attachment-large size-large\" alt=\"\" loading=\"lazy\" srcset=\"https:\/\/www.fo-der.org\/en\/wp-content\/uploads\/2018\/09\/Sezai-Bekg\u00f6z.jpg 500w, https:\/\/www.fo-der.org\/en\/wp-content\/uploads\/2018\/09\/Sezai-Bekg\u00f6z-150x150.jpg 150w, https:\/\/www.fo-der.org\/en\/wp-content\/uploads\/2018\/09\/Sezai-Bekg\u00f6z-300x300.jpg 300w, https:\/\/www.fo-der.org\/en\/wp-content\/uploads\/2018\/09\/Sezai-Bekg\u00f6z-146x146.jpg 146w, https:\/\/www.fo-der.org\/en\/wp-content\/uploads\/2018\/09\/Sezai-Bekg\u00f6z-50x50.jpg 50w, https:\/\/www.fo-der.org\/en\/wp-content\/uploads\/2018\/09\/Sezai-Bekg\u00f6z-75x75.jpg 75w, https:\/\/www.fo-der.org\/en\/wp-content\/uploads\/2018\/09\/Sezai-Bekg\u00f6z-85x85.jpg 85w, https:\/\/www.fo-der.org\/en\/wp-content\/uploads\/2018\/09\/Sezai-Bekg\u00f6z-80x80.jpg 80w\" sizes=\"(max-width: 500px) 100vw, 500px\" \/>\n\t\t\t\t<\/dt>\n\t\t\t\t\t<dd class='wp-caption-text gallery-caption'>\n\t\t\t\t\tSezai Bekg\u00f6z\n\t\t\t\t\t<\/dd><\/dl><dl class='gallery-item'>\n\t\t\t\t<dt class='gallery-icon landscape'>\n\t\t\t\t\t<img width=\"500\" height=\"500\" src=\"https:\/\/www.fo-der.org\/en\/wp-content\/uploads\/2018\/09\/Umurcan-Gago.jpg\" class=\"attachment-large size-large\" alt=\"\" loading=\"lazy\" srcset=\"https:\/\/www.fo-der.org\/en\/wp-content\/uploads\/2018\/09\/Umurcan-Gago.jpg 500w, https:\/\/www.fo-der.org\/en\/wp-content\/uploads\/2018\/09\/Umurcan-Gago-150x150.jpg 150w, https:\/\/www.fo-der.org\/en\/wp-content\/uploads\/2018\/09\/Umurcan-Gago-300x300.jpg 300w, https:\/\/www.fo-der.org\/en\/wp-content\/uploads\/2018\/09\/Umurcan-Gago-146x146.jpg 146w, https:\/\/www.fo-der.org\/en\/wp-content\/uploads\/2018\/09\/Umurcan-Gago-50x50.jpg 50w, https:\/\/www.fo-der.org\/en\/wp-content\/uploads\/2018\/09\/Umurcan-Gago-75x75.jpg 75w, https:\/\/www.fo-der.org\/en\/wp-content\/uploads\/2018\/09\/Umurcan-Gago-85x85.jpg 85w, https:\/\/www.fo-der.org\/en\/wp-content\/uploads\/2018\/09\/Umurcan-Gago-80x80.jpg 80w\" sizes=\"(max-width: 500px) 100vw, 500px\" \/>\n\t\t\t\t<\/dt>\n\t\t\t\t\t<dd class='wp-caption-text gallery-caption'>\n\t\t\t\t\tUmurcan Gago\n\t\t\t\t\t<\/dd><\/dl><dl class='gallery-item'>\n\t\t\t\t<dt class='gallery-icon landscape'>\n\t\t\t\t\t<img width=\"500\" height=\"500\" src=\"https:\/\/www.fo-der.org\/en\/wp-content\/uploads\/2018\/09\/Serhad-Sato\u011flu.jpg\" class=\"attachment-large size-large\" alt=\"\" loading=\"lazy\" srcset=\"https:\/\/www.fo-der.org\/en\/wp-content\/uploads\/2018\/09\/Serhad-Sato\u011flu.jpg 500w, https:\/\/www.fo-der.org\/en\/wp-content\/uploads\/2018\/09\/Serhad-Sato\u011flu-150x150.jpg 150w, https:\/\/www.fo-der.org\/en\/wp-content\/uploads\/2018\/09\/Serhad-Sato\u011flu-300x300.jpg 300w, https:\/\/www.fo-der.org\/en\/wp-content\/uploads\/2018\/09\/Serhad-Sato\u011flu-146x146.jpg 146w, https:\/\/www.fo-der.org\/en\/wp-content\/uploads\/2018\/09\/Serhad-Sato\u011flu-50x50.jpg 50w, https:\/\/www.fo-der.org\/en\/wp-content\/uploads\/2018\/09\/Serhad-Sato\u011flu-75x75.jpg 75w, https:\/\/www.fo-der.org\/en\/wp-content\/uploads\/2018\/09\/Serhad-Sato\u011flu-85x85.jpg 85w, https:\/\/www.fo-der.org\/en\/wp-content\/uploads\/2018\/09\/Serhad-Sato\u011flu-80x80.jpg 80w\" sizes=\"(max-width: 500px) 100vw, 500px\" \/>\n\t\t\t\t<\/dt>\n\t\t\t\t\t<dd class='wp-caption-text gallery-caption'>\n\t\t\t\t\tSerhad Sato\u011flu\n\t\t\t\t\t<\/dd><\/dl><dl class='gallery-item'>\n\t\t\t\t<dt class='gallery-icon landscape'>\n\t\t\t\t\t<img width=\"500\" height=\"500\" src=\"https:\/\/www.fo-der.org\/en\/wp-content\/uploads\/2023\/02\/Ahmet-Oguz-Mert.png\" class=\"attachment-large size-large\" alt=\"\" loading=\"lazy\" srcset=\"https:\/\/www.fo-der.org\/en\/wp-content\/uploads\/2023\/02\/Ahmet-Oguz-Mert.png 500w, https:\/\/www.fo-der.org\/en\/wp-content\/uploads\/2023\/02\/Ahmet-Oguz-Mert-300x300.png 300w, https:\/\/www.fo-der.org\/en\/wp-content\/uploads\/2023\/02\/Ahmet-Oguz-Mert-150x150.png 150w, https:\/\/www.fo-der.org\/en\/wp-content\/uploads\/2023\/02\/Ahmet-Oguz-Mert-146x146.png 146w, https:\/\/www.fo-der.org\/en\/wp-content\/uploads\/2023\/02\/Ahmet-Oguz-Mert-50x50.png 50w, https:\/\/www.fo-der.org\/en\/wp-content\/uploads\/2023\/02\/Ahmet-Oguz-Mert-75x75.png 75w, https:\/\/www.fo-der.org\/en\/wp-content\/uploads\/2023\/02\/Ahmet-Oguz-Mert-85x85.png 85w, https:\/\/www.fo-der.org\/en\/wp-content\/uploads\/2023\/02\/Ahmet-Oguz-Mert-80x80.png 80w\" sizes=\"(max-width: 500px) 100vw, 500px\" \/>\n\t\t\t\t<\/dt>\n\t\t\t\t\t<dd class='wp-caption-text gallery-caption'>\n\t\t\t\t\tAhmet O\u011fuz Mert\n\t\t\t\t\t<\/dd><\/dl><dl class='gallery-item'>\n\t\t\t\t<dt class='gallery-icon landscape'>\n\t\t\t\t\t<img width=\"500\" height=\"500\" src=\"https:\/\/www.fo-der.org\/en\/wp-content\/uploads\/2023\/02\/alpcan-coskun.png\" class=\"attachment-large size-large\" alt=\"\" loading=\"lazy\" srcset=\"https:\/\/www.fo-der.org\/en\/wp-content\/uploads\/2023\/02\/alpcan-coskun.png 500w, https:\/\/www.fo-der.org\/en\/wp-content\/uploads\/2023\/02\/alpcan-coskun-300x300.png 300w, https:\/\/www.fo-der.org\/en\/wp-content\/uploads\/2023\/02\/alpcan-coskun-150x150.png 150w, https:\/\/www.fo-der.org\/en\/wp-content\/uploads\/2023\/02\/alpcan-coskun-146x146.png 146w, https:\/\/www.fo-der.org\/en\/wp-content\/uploads\/2023\/02\/alpcan-coskun-50x50.png 50w, https:\/\/www.fo-der.org\/en\/wp-content\/uploads\/2023\/02\/alpcan-coskun-75x75.png 75w, https:\/\/www.fo-der.org\/en\/wp-content\/uploads\/2023\/02\/alpcan-coskun-85x85.png 85w, https:\/\/www.fo-der.org\/en\/wp-content\/uploads\/2023\/02\/alpcan-coskun-80x80.png 80w\" sizes=\"(max-width: 500px) 100vw, 500px\" \/>\n\t\t\t\t<\/dt>\n\t\t\t\t\t<dd class='wp-caption-text gallery-caption'>\n\t\t\t\t\tAlpcan Co\u015fkun\n\t\t\t\t\t<\/dd><\/dl><br style=\"clear: both\" \/>\n\t\t\t<\/div>\n\n<hr \/>\n","protected":false},"excerpt":{"rendered":"<p>Supervisory Board<\/p>\n","protected":false},"author":2,"featured_media":0,"parent":0,"menu_order":17,"comment_status":"closed","ping_status":"closed","template":"","meta":[],"yoast_head":"<!-- This site is optimized with the Yoast SEO plugin v15.2.1 - https:\/\/yoast.com\/wordpress\/plugins\/seo\/ -->\n<title>Supervisory Board - FODER<\/title>\n<meta name=\"robots\" content=\"index, follow, max-snippet:-1, max-image-preview:large, max-video-preview:-1\" \/>\n<link rel=\"canonical\" href=\"https:\/\/www.fo-der.org\/en\/disciplinary-and-supervisory-board\/\" \/>\n<meta property=\"og:locale\" content=\"en_US\" \/>\n<meta property=\"og:type\" content=\"article\" \/>\n<meta property=\"og:title\" content=\"Supervisory Board - FODER\" \/>\n<meta property=\"og:description\" content=\"Supervisory Board\" \/>\n<meta property=\"og:url\" content=\"https:\/\/www.fo-der.org\/en\/disciplinary-and-supervisory-board\/\" \/>\n<meta property=\"og:site_name\" content=\"FODER\" \/>\n<meta property=\"article:modified_time\" content=\"2025-08-21T12:05:34+00:00\" \/>\n<meta property=\"og:image\" content=\"https:\/\/www.fo-der.org\/en\/wp-content\/uploads\/2018\/09\/Hasan-H\u00fcsn\u00fc-G\u00fczel\u00f6z.jpg\" \/>\n<meta name=\"twitter:card\" content=\"summary_large_image\" \/>\n<meta name=\"twitter:label1\" content=\"Written by\">\n\t<meta name=\"twitter:data1\" content=\"Fo-der\">\n\t<meta name=\"twitter:label2\" content=\"Est. reading time\">\n\t<meta name=\"twitter:data2\" content=\"0 minutes\">\n<script type=\"application\/ld+json\" class=\"yoast-schema-graph\">{\"@context\":\"https:\/\/schema.org\",\"@graph\":[{\"@type\":\"WebSite\",\"@id\":\"https:\/\/www.fo-der.org\/en\/#website\",\"url\":\"https:\/\/www.fo-der.org\/en\/\",\"name\":\"FODER\",\"description\":\"Financial Literacy &amp; Inclusion Association\",\"potentialAction\":[{\"@type\":\"SearchAction\",\"target\":\"https:\/\/www.fo-der.org\/en\/?s={search_term_string}\",\"query-input\":\"required name=search_term_string\"}],\"inLanguage\":\"en-US\"},{\"@type\":\"WebPage\",\"@id\":\"https:\/\/www.fo-der.org\/en\/disciplinary-and-supervisory-board\/#webpage\",\"url\":\"https:\/\/www.fo-der.org\/en\/disciplinary-and-supervisory-board\/\",\"name\":\"Supervisory Board - FODER\",\"isPartOf\":{\"@id\":\"https:\/\/www.fo-der.org\/en\/#website\"},\"datePublished\":\"2018-07-25T12:45:30+00:00\",\"dateModified\":\"2025-08-21T12:05:34+00:00\",\"inLanguage\":\"en-US\",\"potentialAction\":[{\"@type\":\"ReadAction\",\"target\":[\"https:\/\/www.fo-der.org\/en\/disciplinary-and-supervisory-board\/\"]}]}]}<\/script>\n<!-- \/ Yoast SEO plugin. -->","_links":{"self":[{"href":"https:\/\/www.fo-der.org\/en\/wp-json\/wp\/v2\/pages\/5456"}],"collection":[{"href":"https:\/\/www.fo-der.org\/en\/wp-json\/wp\/v2\/pages"}],"about":[{"href":"https:\/\/www.fo-der.org\/en\/wp-json\/wp\/v2\/types\/page"}],"author":[{"embeddable":true,"href":"https:\/\/www.fo-der.org\/en\/wp-json\/wp\/v2\/users\/2"}],"replies":[{"embeddable":true,"href":"https:\/\/www.fo-der.org\/en\/wp-json\/wp\/v2\/comments?post=5456"}],"version-history":[{"count":10,"href":"https:\/\/www.fo-der.org\/en\/wp-json\/wp\/v2\/pages\/5456\/revisions"}],"predecessor-version":[{"id":7551,"href":"https:\/\/www.fo-der.org\/en\/wp-json\/wp\/v2\/pages\/5456\/revisions\/7551"}],"wp:attachment":[{"href":"https:\/\/www.fo-der.org\/en\/wp-json\/wp\/v2\/media?parent=5456"}],"curies":[{"name":"wp","href":"https:\/\/api.w.org\/{rel}","templated":true}]}}